{"id":3222,"date":"2021-12-18T17:28:46","date_gmt":"2021-12-18T16:28:46","guid":{"rendered":"https:\/\/autolink.de\/impressum\/"},"modified":"2026-03-30T07:08:06","modified_gmt":"2026-03-30T06:08:06","slug":"impressum","status":"publish","type":"page","link":"https:\/\/autolink.de\/de\/impressum\/","title":{"rendered":"Impressum"},"content":{"rendered":"<div class=\"wpb-content-wrapper\"><p>[vc_row][vc_column][vc_column_text css=&#8220;&#8220;]<\/p>\n<p>Dieses Internetangebot wird ver\u00f6ffentlicht von:<\/p>\n<p>Autolink Germany GmbH<br \/>Ost-West-Stra\u00dfe 6<br \/>DE-18147 Rostock<br \/>T +49 381 2527190<br \/>GESCH\u00c4FTSF\u00dcHRER: Arnd C. Brockm\u00fcller \/ Kristjan-Jaak Reigo<br \/>Eintragung der Gesellschaft: HRB 16040<br \/>Umsatzsteuer-Nr.: DE277067237<br \/>________________________________________<\/p>\n<p>1. Inhalt<\/p>\n<p>Der Autor \u00fcbernimmt keinerlei Gew\u00e4hr f\u00fcr die Aktualit\u00e4t, Korrektheit, Vollst\u00e4ndigkeit oder Qualit\u00e4t der bereitgestellten Informationen. Haftungsanspr\u00fcche, die sich auf Sch\u00e4den materieller oder ideeller Art beziehen, welche durch die Nutzung oder Nichtnutzung der dargebotenen Informationen bzw. durch die Nutzung fehlerhafter und unvollst\u00e4ndiger Informationen verursacht wurden, sind grunds\u00e4tzlich ausgeschlossen.<\/p>\n<p>Alle Angebote sind freibleibend und unverbindlich. Der Autor beh\u00e4lt es sich ausdr\u00fccklich vor, Teile der Seiten oder das gesamte Angebot ohne gesonderte Ank\u00fcndigung zu ver\u00e4ndern, zu erg\u00e4nzen, zu l\u00f6schen oder die Ver\u00f6ffentlichung zeitweise oder endg\u00fcltig einzustellen.<\/p>\n<p>2. Verweise und Links<\/p>\n<p>Bei direkten oder indirekten Verweisen auf fremde Internetseiten (&#8222;Links&#8220;), die au\u00dferhalb des Verantwortungsbereiches des Autors liegen, w\u00fcrde eine Haftungsverpflichtung ausschlie\u00dflich in dem Fall in Kraft treten, in dem der Autor von den Inhalten Kenntnis hat und es ihm technisch m\u00f6glich und zumutbar w\u00e4re, die Nutzung im Falle rechtswidriger Inhalte zu verhindern. F\u00fcr illegale, fehlerhafte oder unvollst\u00e4ndige Inhalte und insbesondere f\u00fcr Sch\u00e4den, die aus der Nutzung oder Nichtnutzung solcherart dargebotener Informationen entstehen, haftet allein der Anbieter der Seite, auf welche verwiesen wurde, nicht derjenige, der \u00fcber Links auf die jeweilige Ver\u00f6ffentlichung lediglich verweist. Ferner haftet der Autor nicht f\u00fcr Beitr\u00e4ge oder Nachrichten, die von Nutzern von Diskussionsforen, G\u00e4steb\u00fcchern oder Mailinglisten auf seiner Seite ver\u00f6ffentlicht werden.<\/p>\n<p>3. Urheberrecht<\/p>\n<p>Der Autor ist bestrebt, in allen Publikationen die Urheberrechte der verwendeten Grafiken und Texte zu beachten, von ihm selbst erstellte Grafiken und Texte zu nutzen oder auf lizenzfreie Grafiken und Texte zur\u00fcckzugreifen.<\/p>\n<p>Das Copyright f\u00fcr ver\u00f6ffentlichte, vom Autor selbst erstellte Objekte bleibt allein beim Autor der Seiten. Eine Vervielf\u00e4ltigung oder Verwendung solcher Grafiken, Tondokumente, Videosequenzen und Texte in anderen elektronischen oder gedruckten Publikationen ist ohne ausdr\u00fcckliche Zustimmung des Autors nicht gestattet.<\/p>\n<p>4. Hinweise zum Datenschutz<\/p>\n<p>Sofern innerhalb des Internetangebotes die M\u00f6glichkeit zur Eingabe pers\u00f6nlicher oder gesch\u00e4ftlicher Daten (E-Mail-Adressen, Namen, Anschriften) besteht, so erfolgt die Preisgabe dieser Daten seitens des Nutzers auf ausdr\u00fccklich freiwilliger Basis. Die Inanspruchnahme und Bezahlung aller angebotenen Dienste ist &#8211; wenn und soweit technisch m\u00f6glich und zumutbar &#8211; auch ohne Angabe solcher Daten bzw. unter Angabe anonymisierter Daten oder eines Pseudonyms gestattet.<\/p>\n<p>5. Rechtswirksamkeit dieses Haftungsausschlusses<\/p>\n<p>Dieser Haftungsausschluss ist als Teil des Internetangebotes zu betrachten, von dem aus auf diese Seite verwiesen wurde. Sofern Teile oder einzelne Formulierungen dieses Textes der geltenden Rechtslage nicht, nicht mehr oder nicht vollst\u00e4ndig entsprechen sollten, bleiben die \u00fcbrigen Teile des Dokumentes in ihrem Inhalt und ihrer G\u00fcltigkeit davon unber\u00fchrt.<\/p>\n\n<p>&nbsp;<\/p>\n<p>[\/vc_column_text][\/vc_column][\/vc_row]<\/p>\n<\/div>","protected":false},"excerpt":{"rendered":"<p>[vc_row][vc_column][vc_column_text css=&#8220;&#8220;] Dieses Internetangebot wird ver\u00f6ffentlicht von: Autolink Germany GmbHOst-West-Stra\u00dfe 6DE-18147 RostockT +49 381 2527190GESCH\u00c4FTSF\u00dcHRER: Arnd C. Brockm\u00fcller \/ Kristjan-Jaak ReigoEintragung der Gesellschaft: HRB 16040Umsatzsteuer-Nr.: DE277067237________________________________________ 1. Inhalt Der Autor \u00fcbernimmt keinerlei Gew\u00e4hr&#8230;<\/p>\n","protected":false},"author":1,"featured_media":0,"parent":0,"menu_order":0,"comment_status":"closed","ping_status":"closed","template":"","meta":{"inline_featured_image":false,"footnotes":""},"class_list":["post-3222","page","type-page","status-publish","hentry"],"yoast_head":"<!-- This site is optimized with the Yoast SEO plugin v25.6 - https:\/\/yoast.com\/wordpress\/plugins\/seo\/ -->\n<title>Impressum - Autolink<\/title>\n<meta name=\"robots\" content=\"index, follow, max-snippet:-1, max-image-preview:large, max-video-preview:-1\" \/>\n<link rel=\"canonical\" href=\"https:\/\/autolink.de\/impressum\/\" \/>\n<meta property=\"og:locale\" content=\"de_DE\" \/>\n<meta property=\"og:type\" content=\"article\" \/>\n<meta property=\"og:title\" content=\"Impressum - Autolink\" \/>\n<meta property=\"og:description\" content=\"[vc_row][vc_column][vc_column_text css=&#8220;&#8220;] Dieses Internetangebot wird ver\u00f6ffentlicht von: Autolink Germany GmbHOst-West-Stra\u00dfe 6DE-18147 RostockT +49 381 2527190GESCH\u00c4FTSF\u00dcHRER: Arnd C. Brockm\u00fcller \/ Kristjan-Jaak ReigoEintragung der Gesellschaft: HRB 16040Umsatzsteuer-Nr.: DE277067237________________________________________ 1. Inhalt Der Autor \u00fcbernimmt keinerlei Gew\u00e4hr...\" \/>\n<meta property=\"og:url\" content=\"https:\/\/autolink.de\/impressum\/\" \/>\n<meta property=\"og:site_name\" content=\"Autolink\" \/>\n<meta property=\"article:modified_time\" content=\"2026-03-30T06:08:06+00:00\" \/>\n<meta name=\"twitter:card\" content=\"summary_large_image\" \/>\n<meta name=\"twitter:label1\" content=\"Gesch\u00e4tzte Lesezeit\" \/>\n\t<meta name=\"twitter:data1\" content=\"2\u00a0Minuten\" \/>\n<script type=\"application\/ld+json\" class=\"yoast-schema-graph\">{\"@context\":\"https:\/\/schema.org\",\"@graph\":[{\"@type\":\"WebPage\",\"@id\":\"https:\/\/autolink.de\/impressum\/\",\"url\":\"https:\/\/autolink.de\/impressum\/\",\"name\":\"Impressum - Autolink\",\"isPartOf\":{\"@id\":\"https:\/\/autolink.de\/#website\"},\"datePublished\":\"2021-12-18T16:28:46+00:00\",\"dateModified\":\"2026-03-30T06:08:06+00:00\",\"breadcrumb\":{\"@id\":\"https:\/\/autolink.de\/impressum\/#breadcrumb\"},\"inLanguage\":\"de\",\"potentialAction\":[{\"@type\":\"ReadAction\",\"target\":[\"https:\/\/autolink.de\/impressum\/\"]}]},{\"@type\":\"BreadcrumbList\",\"@id\":\"https:\/\/autolink.de\/impressum\/#breadcrumb\",\"itemListElement\":[{\"@type\":\"ListItem\",\"position\":1,\"name\":\"Home\",\"item\":\"https:\/\/autolink.de\/\"},{\"@type\":\"ListItem\",\"position\":2,\"name\":\"Impressum\"}]},{\"@type\":\"WebSite\",\"@id\":\"https:\/\/autolink.de\/#website\",\"url\":\"https:\/\/autolink.de\/\",\"name\":\"Autolink\",\"description\":\"Germany\",\"potentialAction\":[{\"@type\":\"SearchAction\",\"target\":{\"@type\":\"EntryPoint\",\"urlTemplate\":\"https:\/\/autolink.de\/?s={search_term_string}\"},\"query-input\":{\"@type\":\"PropertyValueSpecification\",\"valueRequired\":true,\"valueName\":\"search_term_string\"}}],\"inLanguage\":\"de\"}]}<\/script>\n<!-- \/ Yoast SEO plugin. -->","yoast_head_json":{"title":"Impressum - Autolink","robots":{"index":"index","follow":"follow","max-snippet":"max-snippet:-1","max-image-preview":"max-image-preview:large","max-video-preview":"max-video-preview:-1"},"canonical":"https:\/\/autolink.de\/impressum\/","og_locale":"de_DE","og_type":"article","og_title":"Impressum - Autolink","og_description":"[vc_row][vc_column][vc_column_text css=&#8220;&#8220;] Dieses Internetangebot wird ver\u00f6ffentlicht von: Autolink Germany GmbHOst-West-Stra\u00dfe 6DE-18147 RostockT +49 381 2527190GESCH\u00c4FTSF\u00dcHRER: Arnd C. Brockm\u00fcller \/ Kristjan-Jaak ReigoEintragung der Gesellschaft: HRB 16040Umsatzsteuer-Nr.: DE277067237________________________________________ 1. Inhalt Der Autor \u00fcbernimmt keinerlei Gew\u00e4hr...","og_url":"https:\/\/autolink.de\/impressum\/","og_site_name":"Autolink","article_modified_time":"2026-03-30T06:08:06+00:00","twitter_card":"summary_large_image","twitter_misc":{"Gesch\u00e4tzte Lesezeit":"2\u00a0Minuten"},"schema":{"@context":"https:\/\/schema.org","@graph":[{"@type":"WebPage","@id":"https:\/\/autolink.de\/impressum\/","url":"https:\/\/autolink.de\/impressum\/","name":"Impressum - Autolink","isPartOf":{"@id":"https:\/\/autolink.de\/#website"},"datePublished":"2021-12-18T16:28:46+00:00","dateModified":"2026-03-30T06:08:06+00:00","breadcrumb":{"@id":"https:\/\/autolink.de\/impressum\/#breadcrumb"},"inLanguage":"de","potentialAction":[{"@type":"ReadAction","target":["https:\/\/autolink.de\/impressum\/"]}]},{"@type":"BreadcrumbList","@id":"https:\/\/autolink.de\/impressum\/#breadcrumb","itemListElement":[{"@type":"ListItem","position":1,"name":"Home","item":"https:\/\/autolink.de\/"},{"@type":"ListItem","position":2,"name":"Impressum"}]},{"@type":"WebSite","@id":"https:\/\/autolink.de\/#website","url":"https:\/\/autolink.de\/","name":"Autolink","description":"Germany","potentialAction":[{"@type":"SearchAction","target":{"@type":"EntryPoint","urlTemplate":"https:\/\/autolink.de\/?s={search_term_string}"},"query-input":{"@type":"PropertyValueSpecification","valueRequired":true,"valueName":"search_term_string"}}],"inLanguage":"de"}]}},"_links":{"self":[{"href":"https:\/\/autolink.de\/de\/wp-json\/wp\/v2\/pages\/3222"}],"collection":[{"href":"https:\/\/autolink.de\/de\/wp-json\/wp\/v2\/pages"}],"about":[{"href":"https:\/\/autolink.de\/de\/wp-json\/wp\/v2\/types\/page"}],"author":[{"embeddable":true,"href":"https:\/\/autolink.de\/de\/wp-json\/wp\/v2\/users\/1"}],"replies":[{"embeddable":true,"href":"https:\/\/autolink.de\/de\/wp-json\/wp\/v2\/comments?post=3222"}],"version-history":[{"count":4,"href":"https:\/\/autolink.de\/de\/wp-json\/wp\/v2\/pages\/3222\/revisions"}],"predecessor-version":[{"id":3395,"href":"https:\/\/autolink.de\/de\/wp-json\/wp\/v2\/pages\/3222\/revisions\/3395"}],"wp:attachment":[{"href":"https:\/\/autolink.de\/de\/wp-json\/wp\/v2\/media?parent=3222"}],"curies":[{"name":"wp","href":"https:\/\/api.w.org\/{rel}","templated":true}]}}