{"id":2740,"date":"2015-10-21T07:42:32","date_gmt":"2015-10-21T07:42:32","guid":{"rendered":"https:\/\/autolink.de\/home\/"},"modified":"2022-02-28T09:34:15","modified_gmt":"2022-02-28T08:34:15","slug":"home","status":"publish","type":"page","link":"https:\/\/autolink.de\/de\/","title":{"rendered":"Home"},"content":{"rendered":"<div class=\"wpb-content-wrapper\"><p>[vc_row][vc_column][rev_slider_vc alias=&#8220;main_slider&#8220;][\/vc_column][\/vc_row][vc_row full_width=&#8220;stretch_row&#8220; css=&#8220;.vc_custom_1518445047899{margin-bottom: 0px !important;padding-top: 25px !important;padding-bottom: 25px !important;}&#8220; el_class=&#8220;secondary_bg_color&#8220;][vc_column width=&#8220;1\/2&#8243; offset=&#8220;vc_col-lg-3 vc_col-md-3&#8243;][stm_counter counter_value=&#8220;320&#8243; drawing=&#8220;yes&#8220; icon_width_svg=&#8220;65&#8243; icon_size=&#8220;64&#8243; title=&#8220;Durchgef\u00fchrte Projekte&#8220; drawing_icon=&#8220;stm-projects-done&#8220; icon_color=&#8220;#004489&#8243; font_color=&#8220;#ffffff&#8220; css=&#8220;.vc_custom_1616997606238{margin-bottom: 0px !important;}&#8220;][\/vc_column][vc_column width=&#8220;1\/2&#8243; offset=&#8220;vc_col-lg-3 vc_col-md-3&#8243;][stm_counter counter_value=&#8220;72&#8243; drawing=&#8220;yes&#8220; icon_width_svg=&#8220;64&#8243; icon_size=&#8220;68&#8243; title=&#8220;Kunden weltweit&#8220; drawing_icon=&#8220;stm-clients-worldwide&#8220; icon_color=&#8220;#004489&#8243; font_color=&#8220;#ffffff&#8220; css=&#8220;.vc_custom_1616997615903{margin-bottom: 0px !important;}&#8220;][\/vc_column][vc_column width=&#8220;1\/2&#8243; offset=&#8220;vc_col-lg-3 vc_col-md-3&#8243;][stm_counter counter_value=&#8220;153&#8243; drawing=&#8220;yes&#8220; icon_width=&#8220;80&#8243; icon_width_svg=&#8220;52&#8243; icon_size=&#8220;67&#8243; title=&#8220;Eigent\u00fcmer von 153 Fahrzeugen&#8220; drawing_icon=&#8220;stm-owned-vehicles&#8220; icon_color=&#8220;#004489&#8243; font_color=&#8220;#ffffff&#8220; css=&#8220;.vc_custom_1616997631090{margin-bottom: 0px !important;}&#8220;][\/vc_column][vc_column width=&#8220;1\/2&#8243; offset=&#8220;vc_col-lg-3 vc_col-md-3&#8243;][stm_counter counter_value=&#8220;114&#8243; drawing=&#8220;yes&#8220; icon_width=&#8220;100&#8243; icon_width_svg=&#8220;68&#8243; icon_size=&#8220;67&#8243; title=&#8220;Mitarbeiter&#8220; drawing_icon=&#8220;stm-people-in-team&#8220; icon_color=&#8220;#004489&#8243; font_color=&#8220;#ffffff&#8220; css=&#8220;.vc_custom_1616997645557{margin-bottom: 0px !important;}&#8220;][\/vc_column][\/vc_row][vc_row full_width=&#8220;stretch_row&#8220; css=&#8220;.vc_custom_1518449109346{margin-bottom: 0px !important;padding-top: 80px !important;padding-bottom: 80px !important;}&#8220; el_class=&#8220;base_bg_color&#8220;][vc_column][stm_services posts_per_page=&#8220;12&#8243; items_tablet=&#8220;3&#8243; items_normal=&#8220;&#8220; items_small=&#8220;&#8220;]<\/p>\n<div class=\"servul\">\n<h2>Spezielle Dienstleistungen<\/h2>\n<p>&nbsp;<\/p>\n<p>Wir sind bekannt daf\u00fcr, dass wir imstande sind, jedes kleinste Detail der spezifischen Logistik unserer Kunden zu ber\u00fccksichtigen und ihren Bed\u00fcrfnissen zu entsprechen, Autolink Team k\u00fcmmert um s\u00e4mtliche Belange Ihrer Logistik.<\/p><\/div>\n<p>[\/stm_services][\/vc_column][\/vc_row][vc_row equal_height=&#8220;yes&#8220; css=&#8220;.vc_custom_1518447348586{padding-top: 70px !important;padding-bottom: 70px !important;}&#8220;][vc_column offset=&#8220;vc_col-lg-6 vc_col-md-6&#8243;][vc_raw_html]JTNDZGl2JTIwY2xhc3MlM0QlMjdzcGVjaWFsJTI3JTNFJTBBJTNDaDMlM0VXQVMlMjBVTlMlMjBCRVNPTkRFUlMlMjBNQUNIVCUzQyUyRmgzJTNFJTBBJTNDZGl2JTIwY2xhc3MlM0QlMjdkaXZpJTI3JTNFJTNDJTJGZGl2JTNFJTBBJTNDcCUzRSUwQUFVVE9MSU5LJTIwaXN0JTIwZWluZSUyMFVudGVybmVobWVuc2dydXBwZSUyQyUyMGRlcmVuJTIwSGF1cHR0JUMzJUE0dGlna2VpdHNiZXJlaWNoJTIwZGllJTIwTG9naXN0aWslMjB2b24lMjBGZXJ0aWdmYWhyemV1Z2VuJTIwdW5kJTIwZGVyZW4lMjBFcnNhdHp0ZWlsZW4lMjAlMjhQS1clMkMlMjBMQ1YlMjB1bmQlMjBhbmRlcmUlMjBUeXBlbiUyOSUyMHVtZmFzc3QuJTIwVW5zZXJlJTIwS3VuZGVuJTIwc2luZCUyMEhlcnN0ZWxsZXIlMkMlMjBJbXBvcnRldXJlJTJDJTIwRXhwb3J0ZXVyZSUyMHVuZCUyMEglQzMlQTRuZGxlciUyMGF1cyUyMEV1cm9wYSUyQyUyMFJ1c3NsYW5kJTIwdW5kJTIwZGVuJTIwR1VTLVN0YWF0ZW4lMjBzb3dpZSUyMGF1cyUyMFplbnRyYWwtJTIwdW5kJTIwTWl0dGVsYXNpZW4lMkMlMjBDaGluYSUyMHVuZCUyMGRlciUyME1vbmdvbGVpLiUwQSUzQyUyRnAlM0UlMEElM0NwJTNFJTBBWnVyJTIwQXV0b2xpbmstR3J1cHBlJTIwZ2VoJUMzJUI2cmVuJTIwZm9sZ2VuZGUlMjBVbnRlcm5laG1lbiUzQSUyMEF1dG9saW5rJTIwTm9yd2F5JTIwaW4lMjBEcmFtbWVuJTJDJTIwQXV0b2xpbmslMjBTd2VkZW4lMjBpbiUyME1hbG0lQzMlQjYlMkMlMjBBdXRvbGluayUyMEZpbmxhbmQlMjBpbiUyMEhhbmtvJTJDJTIwQXV0b2xpbmslMjBCYWx0aWNzJTIwaW4lMjBFc3RsYW5kJTJDJTIwUGFsZGlza2klMjBTb3V0aCUyMEhhcmJvdXIlMkMlMjBBdXRvbGluayUyMExpdGh1YW5pYSUyMGluJTIwVmlsbml1cyUyQyUyMEF1dG9saW5rJTIwQ2VudHJhbCUyMEFzaWElMjBpbiUyMEFsbWF0eSUyQyUyMEthc2FjaHN0YW4uJTBBJTNDJTJGcCUzRSUwQSUzQyUyRmRpdiUzRQ==[\/vc_raw_html][\/vc_column][vc_column offset=&#8220;vc_col-lg-6 vc_col-md-6 vc_hidden-sm vc_hidden-xs&#8220;][vc_single_image image=&#8220;3043&#8243; img_size=&#8220;full&#8220; alignment=&#8220;center&#8220; onclick=&#8220;custom_link&#8220; img_link_target=&#8220;_blank&#8220; link=&#8220;https:\/\/www.youtube.com\/watch?v=PWs42VtqsaI&#8220;][\/vc_column][\/vc_row][vc_row full_width=&#8220;stretch_row&#8220; content_placement=&#8220;middle&#8220; css=&#8220;.vc_custom_1518449143822{margin-bottom: 0px !important;padding-top: 53px !important;padding-bottom: 53px !important;background-color: #dc0c1a !important;}&#8220;][vc_column][vc_row_inner][vc_column_inner][stm_image_carousel img_size=&#8220;full&#8220; autoplay=&#8220;yes&#8220; timeout=&#8220;3000&#8243; loop=&#8220;yes&#8220; items=&#8220;5&#8243; items_mobile=&#8220;2&#8243; images=&#8220;1456,1457,1458,1459,1460,1461,1462,1463,1464,1465,1466,1467,1468,1469,1470,1471&#8243;][\/vc_column_inner][\/vc_row_inner][\/vc_column][\/vc_row][vc_row full_width=&#8220;stretch_row&#8220; equal_height=&#8220;yes&#8220; css=&#8220;.vc_custom_1518449920762{background-color: #cbdae1 !important;}&#8220;][vc_column offset=&#8220;vc_col-lg-6 vc_col-md-6&#8243; css=&#8220;.vc_custom_1530794870868{margin-bottom: 0px !important;}&#8220;][vc_single_image image=&#8220;3063&#8243; img_size=&#8220;full&#8220; alignment=&#8220;center&#8220; onclick=&#8220;custom_link&#8220; img_link_target=&#8220;_blank&#8220; css=&#8220;.vc_custom_1530796213205{margin-bottom: 0px !important;}&#8220;][\/vc_column][vc_column offset=&#8220;vc_col-lg-6 vc_col-md-6&#8243;][vc_raw_html]JTNDZGl2JTIwY2xhc3MlM0QlMjdzdXBwb3J0YSUyNyUzRSUwQSUzQ2gzJTNFRVJSRUlDSEVOJTIwU0lFJTIwSUhSJTIwWklFTFBVTktUJTNDJTJGYnIlM0UlMEExMDAlMjUlMjBTSUNIRVIlMjBVTkQlMjBXT0hMQkVIQUxURU4lM0MlMkZoMyUzRSUwQSUzQ2RpdiUyMGNsYXNzJTNEJTI3ZGl2aSUyNyUzRSUzQyUyRmRpdiUzRSUwQSUzQ3AlM0UlMEFFZ2FsJTJDJTIwb2IlMjBTaWUlMjBuYWNoJTIwQW50d29ydGVuJTIwc3VjaGVuJTJDJTIwZWluJTIwUHJvYmxlbSUyMGwlQzMlQjZzZW4lMjB3b2xsZW4lMjBvZGVyJTIwZWluZmFjaCUyMHVucyUyMG1pdHRlaWxlbiUyMHdvbGxlbiUyQyUyMHdpZSUyMHVuc2VyZSUyMERpZW5zdGxlaXN0dW5nZW4lMjB3YXJlbiUyQyUyMHNpZSUyMGslQzMlQjZubmVuJTIwaGllciUyMG1pdCUyMHVucyUyMEtvbnRha3QlMjBhdWZuZWhtZW4uJTIwV2lyJTIwaGVsZmVuJTIwSWhuZW4lMkMlMjBJaHJlJTIwQW5nZWxlZ2VuaGVpdGVuJTIwc2NobmVsbCUyMHVuZCUyMGVpbmZhY2glMjB6dSUyMGwlQzMlQjZzZW4lMkMlMjBkYW1pdCUyMFNpZSUyMHNpY2glMjBkZW4lMjB3ZXNlbnRsaWNoZW4lMjBTYWNoZW4lMjB3aWRtZW4lMjBrJUMzJUI2bm5lbi4lMEElM0MlMkZwJTNFJTBBJTNDYSUyMGhyZWYlM0QlMjclMkZkZSUyRmNvbnRhY3RzJTJGJTI3JTNFTmVobWVuJTIwU2llJTIwbWl0JTIwdW5zJTIwS29udGFrdCUyMGF1ZiUzQyUyRmElM0UlMEElM0MlMkZkaXYlM0UlMEElMEE=[\/vc_raw_html][\/vc_column][\/vc_row][vc_row full_width=&#8220;stretch_row&#8220; css=&#8220;.vc_custom_1518451244584{background-color: #e9e9e9 !important;}&#8220; el_class=&#8220;mapruts&#8220;][vc_column][vc_raw_html]JTNDZGl2JTIwY2xhc3MlM0QlMjdtYXBrYSUyNyUzRSUwQSUzQ2ltZyUyMHNyYyUzRCUyNyUyRndwLWNvbnRlbnQlMkZ1cGxvYWRzJTJGMjAxOSUyRjAyJTJGYXV0b2xpbmtfcm91dGVzX21fbHQuc3ZnJTI3JTNFJTBBJTNDJTJGZGl2JTNF[\/vc_raw_html][\/vc_column][\/vc_row]<\/p>\n<\/div>","protected":false},"excerpt":{"rendered":"<p>[vc_row][vc_column][rev_slider_vc alias=&#8220;main_slider&#8220;][\/vc_column][\/vc_row][vc_row full_width=&#8220;stretch_row&#8220; css=&#8220;.vc_custom_1518445047899{margin-bottom: 0px !important;padding-top: 25px !important;padding-bottom: 25px !important;}&#8220; el_class=&#8220;secondary_bg_color&#8220;][vc_column width=&#8220;1\/2&#8243; offset=&#8220;vc_col-lg-3 vc_col-md-3&#8243;][stm_counter counter_value=&#8220;320&#8243; drawing=&#8220;yes&#8220; icon_width_svg=&#8220;65&#8243; icon_size=&#8220;64&#8243; title=&#8220;Durchgef\u00fchrte Projekte&#8220; drawing_icon=&#8220;stm-projects-done&#8220; icon_color=&#8220;#004489&#8243; font_color=&#8220;#ffffff&#8220; css=&#8220;.vc_custom_1616997606238{margin-bottom: 0px !important;}&#8220;][\/vc_column][vc_column width=&#8220;1\/2&#8243; offset=&#8220;vc_col-lg-3 vc_col-md-3&#8243;][stm_counter counter_value=&#8220;72&#8243; drawing=&#8220;yes&#8220; icon_width_svg=&#8220;64&#8243; icon_size=&#8220;68&#8243;&#8230;<\/p>\n","protected":false},"author":1,"featured_media":0,"parent":0,"menu_order":22,"comment_status":"closed","ping_status":"open","template":"","meta":{"inline_featured_image":false,"footnotes":""},"class_list":["post-2740","page","type-page","status-publish","hentry"],"yoast_head":"<!-- This site is optimized with the Yoast SEO plugin v25.6 - https:\/\/yoast.com\/wordpress\/plugins\/seo\/ -->\n<title>Home - Autolink<\/title>\n<meta name=\"robots\" content=\"index, follow, max-snippet:-1, max-image-preview:large, max-video-preview:-1\" \/>\n<link rel=\"canonical\" href=\"https:\/\/autolink.de\/\" \/>\n<meta property=\"og:locale\" content=\"de_DE\" \/>\n<meta property=\"og:type\" content=\"article\" \/>\n<meta property=\"og:title\" content=\"Home - Autolink\" \/>\n<meta property=\"og:description\" content=\"[vc_row][vc_column][rev_slider_vc alias=&#8220;main_slider&#8220;][\/vc_column][\/vc_row][vc_row full_width=&#8220;stretch_row&#8220; css=&#8220;.vc_custom_1518445047899{margin-bottom: 0px !important;padding-top: 25px !important;padding-bottom: 25px !important;}&#8220; el_class=&#8220;secondary_bg_color&#8220;][vc_column width=&#8220;1\/2&#8243; offset=&#8220;vc_col-lg-3 vc_col-md-3&#8243;][stm_counter counter_value=&#8220;320&#8243; drawing=&#8220;yes&#8220; icon_width_svg=&#8220;65&#8243; icon_size=&#8220;64&#8243; title=&#8220;Durchgef\u00fchrte Projekte&#8220; drawing_icon=&#8220;stm-projects-done&#8220; icon_color=&#8220;#004489&#8243; font_color=&#8220;#ffffff&#8220; css=&#8220;.vc_custom_1616997606238{margin-bottom: 0px !important;}&#8220;][\/vc_column][vc_column width=&#8220;1\/2&#8243; offset=&#8220;vc_col-lg-3 vc_col-md-3&#8243;][stm_counter counter_value=&#8220;72&#8243; drawing=&#8220;yes&#8220; icon_width_svg=&#8220;64&#8243; icon_size=&#8220;68&#8243;...\" \/>\n<meta property=\"og:url\" content=\"https:\/\/autolink.de\/\" \/>\n<meta property=\"og:site_name\" content=\"Autolink\" \/>\n<meta property=\"article:modified_time\" content=\"2022-02-28T08:34:15+00:00\" \/>\n<meta name=\"twitter:card\" content=\"summary_large_image\" \/>\n<meta name=\"twitter:label1\" content=\"Gesch\u00e4tzte Lesezeit\" \/>\n\t<meta name=\"twitter:data1\" content=\"1\u00a0Minute\" \/>\n<script type=\"application\/ld+json\" class=\"yoast-schema-graph\">{\"@context\":\"https:\/\/schema.org\",\"@graph\":[{\"@type\":\"WebPage\",\"@id\":\"https:\/\/autolink.de\/\",\"url\":\"https:\/\/autolink.de\/\",\"name\":\"Home - Autolink\",\"isPartOf\":{\"@id\":\"https:\/\/autolink.de\/#website\"},\"datePublished\":\"2015-10-21T07:42:32+00:00\",\"dateModified\":\"2022-02-28T08:34:15+00:00\",\"breadcrumb\":{\"@id\":\"https:\/\/autolink.de\/#breadcrumb\"},\"inLanguage\":\"de\",\"potentialAction\":[{\"@type\":\"ReadAction\",\"target\":[\"https:\/\/autolink.de\/\"]}]},{\"@type\":\"BreadcrumbList\",\"@id\":\"https:\/\/autolink.de\/#breadcrumb\",\"itemListElement\":[{\"@type\":\"ListItem\",\"position\":1,\"name\":\"Home\",\"item\":\"https:\/\/autolink.de\/\"},{\"@type\":\"ListItem\",\"position\":2,\"name\":\"Home\"}]},{\"@type\":\"WebSite\",\"@id\":\"https:\/\/autolink.de\/#website\",\"url\":\"https:\/\/autolink.de\/\",\"name\":\"Autolink\",\"description\":\"Germany\",\"potentialAction\":[{\"@type\":\"SearchAction\",\"target\":{\"@type\":\"EntryPoint\",\"urlTemplate\":\"https:\/\/autolink.de\/?s={search_term_string}\"},\"query-input\":{\"@type\":\"PropertyValueSpecification\",\"valueRequired\":true,\"valueName\":\"search_term_string\"}}],\"inLanguage\":\"de\"}]}<\/script>\n<!-- \/ Yoast SEO plugin. -->","yoast_head_json":{"title":"Home - Autolink","robots":{"index":"index","follow":"follow","max-snippet":"max-snippet:-1","max-image-preview":"max-image-preview:large","max-video-preview":"max-video-preview:-1"},"canonical":"https:\/\/autolink.de\/","og_locale":"de_DE","og_type":"article","og_title":"Home - Autolink","og_description":"[vc_row][vc_column][rev_slider_vc alias=&#8220;main_slider&#8220;][\/vc_column][\/vc_row][vc_row full_width=&#8220;stretch_row&#8220; css=&#8220;.vc_custom_1518445047899{margin-bottom: 0px !important;padding-top: 25px !important;padding-bottom: 25px !important;}&#8220; el_class=&#8220;secondary_bg_color&#8220;][vc_column width=&#8220;1\/2&#8243; offset=&#8220;vc_col-lg-3 vc_col-md-3&#8243;][stm_counter counter_value=&#8220;320&#8243; drawing=&#8220;yes&#8220; icon_width_svg=&#8220;65&#8243; icon_size=&#8220;64&#8243; title=&#8220;Durchgef\u00fchrte Projekte&#8220; drawing_icon=&#8220;stm-projects-done&#8220; icon_color=&#8220;#004489&#8243; font_color=&#8220;#ffffff&#8220; css=&#8220;.vc_custom_1616997606238{margin-bottom: 0px !important;}&#8220;][\/vc_column][vc_column width=&#8220;1\/2&#8243; offset=&#8220;vc_col-lg-3 vc_col-md-3&#8243;][stm_counter counter_value=&#8220;72&#8243; drawing=&#8220;yes&#8220; icon_width_svg=&#8220;64&#8243; icon_size=&#8220;68&#8243;...","og_url":"https:\/\/autolink.de\/","og_site_name":"Autolink","article_modified_time":"2022-02-28T08:34:15+00:00","twitter_card":"summary_large_image","twitter_misc":{"Gesch\u00e4tzte Lesezeit":"1\u00a0Minute"},"schema":{"@context":"https:\/\/schema.org","@graph":[{"@type":"WebPage","@id":"https:\/\/autolink.de\/","url":"https:\/\/autolink.de\/","name":"Home - Autolink","isPartOf":{"@id":"https:\/\/autolink.de\/#website"},"datePublished":"2015-10-21T07:42:32+00:00","dateModified":"2022-02-28T08:34:15+00:00","breadcrumb":{"@id":"https:\/\/autolink.de\/#breadcrumb"},"inLanguage":"de","potentialAction":[{"@type":"ReadAction","target":["https:\/\/autolink.de\/"]}]},{"@type":"BreadcrumbList","@id":"https:\/\/autolink.de\/#breadcrumb","itemListElement":[{"@type":"ListItem","position":1,"name":"Home","item":"https:\/\/autolink.de\/"},{"@type":"ListItem","position":2,"name":"Home"}]},{"@type":"WebSite","@id":"https:\/\/autolink.de\/#website","url":"https:\/\/autolink.de\/","name":"Autolink","description":"Germany","potentialAction":[{"@type":"SearchAction","target":{"@type":"EntryPoint","urlTemplate":"https:\/\/autolink.de\/?s={search_term_string}"},"query-input":{"@type":"PropertyValueSpecification","valueRequired":true,"valueName":"search_term_string"}}],"inLanguage":"de"}]}},"_links":{"self":[{"href":"https:\/\/autolink.de\/de\/wp-json\/wp\/v2\/pages\/2740"}],"collection":[{"href":"https:\/\/autolink.de\/de\/wp-json\/wp\/v2\/pages"}],"about":[{"href":"https:\/\/autolink.de\/de\/wp-json\/wp\/v2\/types\/page"}],"author":[{"embeddable":true,"href":"https:\/\/autolink.de\/de\/wp-json\/wp\/v2\/users\/1"}],"replies":[{"embeddable":true,"href":"https:\/\/autolink.de\/de\/wp-json\/wp\/v2\/comments?post=2740"}],"version-history":[{"count":8,"href":"https:\/\/autolink.de\/de\/wp-json\/wp\/v2\/pages\/2740\/revisions"}],"predecessor-version":[{"id":3253,"href":"https:\/\/autolink.de\/de\/wp-json\/wp\/v2\/pages\/2740\/revisions\/3253"}],"wp:attachment":[{"href":"https:\/\/autolink.de\/de\/wp-json\/wp\/v2\/media?parent=2740"}],"curies":[{"name":"wp","href":"https:\/\/api.w.org\/{rel}","templated":true}]}}